{"id":73,"date":"2025-02-18T17:01:01","date_gmt":"2025-02-18T17:01:01","guid":{"rendered":"https:\/\/stefans-bbq.de\/?page_id=73"},"modified":"2025-02-19T16:45:21","modified_gmt":"2025-02-19T16:45:21","slug":"meine-angebote","status":"publish","type":"page","link":"https:\/\/stefans-bbq.de\/?page_id=73","title":{"rendered":"Meine Angebote"},"content":{"rendered":"\n<h1 class=\"wp-block-heading has-text-align-left\">Meine Angebote<\/h1>\n\n\n\n<p>Ich habe alles was mit Grillen zu tun hat hier einmal aufgelistet und so eine Auswahl meiner M\u00f6glichkeiten die ich Dir anbieten kann zusammengestellt. Solltest Du andere oder speziellere W\u00fcnsche haben, kein Problem, ich bin offen f\u00fcr vieles und freue mich auf deine Anfrage. Verwende dazu einfach das Kontaktformular oder schreibe mir eine Mail.&nbsp;<\/p>\n\n\n\n<ul class=\"wp-block-list\">\n<li>Grillkurse jeder Art<\/li>\n\n\n\n<li>Teambuilding f\u00fcr Mitarbeiter und Management&nbsp;<\/li>\n\n\n\n<li>Grillen@Home &#8211; Grillen bei Dir Zuhause<\/li>\n\n\n\n<li>Grillen4Kids &#8211; Grillen mit Kindern<\/li>\n\n\n\n<li>Grill-Promotion<\/li>\n\n\n\n<li>Gesch\u00e4ftser\u00f6ffnungen, Jubil\u00e4en, etc.<\/li>\n\n\n\n<li>und vieles mehr &#8230;<\/li>\n<\/ul>\n\n\n\n<figure class=\"wp-block-image size-full\"><img loading=\"lazy\" decoding=\"async\" width=\"709\" height=\"531\" src=\"https:\/\/stefans-bbq.de\/wp-content\/uploads\/2025\/02\/Grillveranstaltung.jpg\" alt=\"\" class=\"wp-image-75\" srcset=\"https:\/\/stefans-bbq.de\/wp-content\/uploads\/2025\/02\/Grillveranstaltung.jpg 709w, https:\/\/stefans-bbq.de\/wp-content\/uploads\/2025\/02\/Grillveranstaltung-300x225.jpg 300w\" sizes=\"auto, (max-width: 709px) 100vw, 709px\" \/><\/figure>\n","protected":false},"excerpt":{"rendered":"<p>Meine Angebote Ich habe alles was mit Grillen zu tun hat hier einmal aufgelistet und so eine Auswahl meiner M\u00f6glichkeiten die ich Dir anbieten kann zusammengestellt. Solltest Du andere oder speziellere W\u00fcnsche haben, kein Problem, ich bin offen f\u00fcr vieles und freue mich auf deine Anfrage. Verwende dazu einfach das Kontaktformular oder schreibe mir eine [&hellip;]<\/p>\n","protected":false},"author":1,"featured_media":0,"parent":0,"menu_order":0,"comment_status":"closed","ping_status":"closed","template":"","meta":{"ngg_post_thumbnail":0,"footnotes":""},"class_list":["post-73","page","type-page","status-publish","hentry"],"_links":{"self":[{"href":"https:\/\/stefans-bbq.de\/index.php?rest_route=\/wp\/v2\/pages\/73","targetHints":{"allow":["GET"]}}],"collection":[{"href":"https:\/\/stefans-bbq.de\/index.php?rest_route=\/wp\/v2\/pages"}],"about":[{"href":"https:\/\/stefans-bbq.de\/index.php?rest_route=\/wp\/v2\/types\/page"}],"author":[{"embeddable":true,"href":"https:\/\/stefans-bbq.de\/index.php?rest_route=\/wp\/v2\/users\/1"}],"replies":[{"embeddable":true,"href":"https:\/\/stefans-bbq.de\/index.php?rest_route=%2Fwp%2Fv2%2Fcomments&post=73"}],"version-history":[{"count":7,"href":"https:\/\/stefans-bbq.de\/index.php?rest_route=\/wp\/v2\/pages\/73\/revisions"}],"predecessor-version":[{"id":99,"href":"https:\/\/stefans-bbq.de\/index.php?rest_route=\/wp\/v2\/pages\/73\/revisions\/99"}],"wp:attachment":[{"href":"https:\/\/stefans-bbq.de\/index.php?rest_route=%2Fwp%2Fv2%2Fmedia&parent=73"}],"curies":[{"name":"wp","href":"https:\/\/api.w.org\/{rel}","templated":true}]}}